{"id":11314,"date":"2022-03-11T10:46:51","date_gmt":"2022-03-11T09:46:51","guid":{"rendered":"https:\/\/www.hotelconventbegur.com\/?page_id=11314"},"modified":"2024-05-06T11:17:20","modified_gmt":"2024-05-06T09:17:20","slug":"mariages-et-evenements","status":"publish","type":"page","link":"https:\/\/www.hotelconventbegur.com\/fr\/mariages-et-evenements\/","title":{"rendered":"Mariages et \u00c9v\u00e9nements"},"content":{"rendered":"[vc_row type=&#8221;in_container&#8221; full_screen_row_position=&#8221;middle&#8221; column_margin=&#8221;default&#8221; column_direction=&#8221;default&#8221; column_direction_tablet=&#8221;default&#8221; column_direction_phone=&#8221;default&#8221; scene_position=&#8221;center&#8221; text_color=&#8221;dark&#8221; text_align=&#8221;left&#8221; row_border_radius=&#8221;none&#8221; row_border_radius_applies=&#8221;bg&#8221; overlay_strength=&#8221;0.3&#8243; gradient_direction=&#8221;left_to_right&#8221; shape_divider_position=&#8221;bottom&#8221; bg_image_animation=&#8221;none&#8221;][vc_column column_padding=&#8221;no-extra-padding&#8221; column_padding_tablet=&#8221;inherit&#8221; column_padding_phone=&#8221;inherit&#8221; column_padding_position=&#8221;all&#8221; background_color_opacity=&#8221;1&#8243; background_hover_color_opacity=&#8221;1&#8243; column_shadow=&#8221;none&#8221; column_border_radius=&#8221;none&#8221; column_link_target=&#8221;_self&#8221; gradient_direction=&#8221;left_to_right&#8221; overlay_strength=&#8221;0.3&#8243; width=&#8221;1\/1&#8243; tablet_width_inherit=&#8221;default&#8221; tablet_text_alignment=&#8221;default&#8221; phone_text_alignment=&#8221;default&#8221; column_border_width=&#8221;none&#8221; column_border_style=&#8221;solid&#8221; bg_image_animation=&#8221;none&#8221;]<div  data-transition=\"slide\" data-overall_style=\"classic\" data-flexible-height=\"\" data-animate-in-effect=\"none\" data-fullscreen=\"true\" data-button-sizing=\"regular\" data-button-styling=\"btn_with_count\" data-autorotate=\"\" data-parallax=\"false\" data-parallax-disable-mobile=\"\" data-caption-trans=\"fade_in_from_bottom\" data-parallax-style=\"bg_only\" data-bg-animation=\"ken_burns\" data-full-width=\"true\" class=\"nectar-slider-wrap \" id=\"nectar-slider-instance-1\"><div class=\"swiper-container\"  data-tho=\"auto\" data-tco=\"auto\" data-pho=\"auto\" data-pco=\"auto\" data-loop=\"false\" data-height=\"650\" data-min-height=\"\" data-arrows=\"false\" data-bullets=\"false\" data-bullet_style=\"see_through\" data-bullet_position=\"bottom\" data-desktop-swipe=\"false\" data-settings=\"\"> <div class=\"swiper-wrapper\"><div class=\"swiper-slide\" data-desktop-content-width=\"auto\" data-tablet-content-width=\"auto\" data-bg-alignment=\"center\" data-color-scheme=\"light\" data-x-pos=\"left\" data-y-pos=\"middle\" ><div class=\"slide-bg-wrap\"><div class=\"image-bg\" style=\"background-image: url(https:\/\/www.hotelconventbegur.com\/wp-content\/uploads\/2023\/12\/convent_sereno_Fotograf23.jpg);\"> &nbsp; <\/div><\/div><div class=\"container\">\n\t\t\t\t\t\t<div class=\"content\"><h2>\u00c9v\u00e9nements et Mariages<\/h2><\/div>\n\t\t\t\t\t\t\t\t<\/div><!--\/container--><div class=\"video-texture \"> <span class=\"ie-fix\"><\/span> <\/div><\/div> <!--\/swiper-slide--><\/div><div class=\"nectar-slider-loading \"> <span class=\"loading-icon none\">   <\/span> <\/div> <\/div> \n\t\t\t\t\t\n\t\t\t\t\t<\/div>[\/vc_column][\/vc_row][vc_row type=&#8221;full_width_content&#8221; full_screen_row_position=&#8221;middle&#8221; column_margin=&#8221;default&#8221; column_direction=&#8221;default&#8221; column_direction_tablet=&#8221;default&#8221; column_direction_phone=&#8221;column_reverse&#8221; scene_position=&#8221;center&#8221; top_padding=&#8221;4%&#8221; bottom_padding=&#8221;4%&#8221; text_color=&#8221;dark&#8221; text_align=&#8221;left&#8221; row_border_radius=&#8221;none&#8221; row_border_radius_applies=&#8221;bg&#8221; id=&#8221;your-hotel&#8221; overlay_strength=&#8221;0.3&#8243; gradient_direction=&#8221;left_to_right&#8221; shape_divider_position=&#8221;bottom&#8221; bg_image_animation=&#8221;none&#8221; shape_type=&#8221;&#8221;][vc_column column_padding=&#8221;padding-5-percent&#8221; column_padding_tablet=&#8221;inherit&#8221; column_padding_phone=&#8221;inherit&#8221; column_padding_position=&#8221;left-right&#8221; background_color_opacity=&#8221;1&#8243; background_hover_color_opacity=&#8221;1&#8243; column_shadow=&#8221;none&#8221; column_border_radius=&#8221;none&#8221; column_link_target=&#8221;_self&#8221; gradient_direction=&#8221;left_to_right&#8221; overlay_strength=&#8221;0.3&#8243; width=&#8221;1\/2&#8243; tablet_width_inherit=&#8221;default&#8221; tablet_text_alignment=&#8221;default&#8221; phone_text_alignment=&#8221;default&#8221; column_border_width=&#8221;none&#8221; column_border_style=&#8221;solid&#8221; bg_image_animation=&#8221;none&#8221;][vc_column_text]\n<h2 style=\"text-align: left;\"><span style=\"color: #9ed5cb;\">\u00c9v\u00e9nements<\/span><\/h2>\n[\/vc_column_text][vc_column_text]\n<h6 style=\"text-align: left;\"><span style=\"color: #808085;\">CE LIEU PROPICE AU CALME ET \u00c0 LA M\u00c9DITATION EST DEVENU UN ENDROIT ID\u00c9AL POUR ORGANISER DES R\u00c9UNIONS D&#8217;ENTREPRISE.\u00a0<\/span><\/h6>\n<h6 style=\"text-align: left;\"><span style=\"color: #808085;\">Si vous souhaitez signer un contrat, impressionner un client ou r\u00e9compenser une \u00e9quipe, l&#8217;H\u00f4tel Convent de Begur\u00a0\u00a0est l&#8217;endroit id\u00e9al pour y c\u00e9l\u00e9brer un \u00e9v\u00e9nement qui restera grav\u00e9 dans la m\u00e9moire de vos collaborateurs. Que ce soit une activit\u00e9 d&#8217;entreprise, un anniversaire, un s\u00e9minaire, une rencontre, une r\u00e9union de vente, un mariage, un bapt\u00eame ou une communion, le r\u00e9sultat sera toujours parfait. Nous prenons votre \u00e9v\u00e9nement tr\u00e8s au s\u00e9rieux\u00a0: nous savons que c&#8217;est une responsabilit\u00e9 et nous souhaitons la prendre en charge de A \u00e0 Z, pour vous permettre d&#8217;en profiter en toute tranquillit\u00e9. &#8220;<\/span><\/h6>\n[\/vc_column_text][nectar_cta btn_style=&#8221;underline&#8221; heading_tag=&#8221;h6&#8243; text_color=&#8221;#9ed5cb&#8221; button_color=&#8221;default&#8221; button_color_hover=&#8221;#ffffff&#8221; link_type=&#8221;new_tab&#8221; alignment=&#8221;left&#8221; display=&#8221;block&#8221; link_text=&#8221;CONTACTEZ&#8221; url=&#8221;https:\/\/www.hotelconventbegur.com\/fr\/contactez\/&#8221;][\/vc_column][vc_column column_padding=&#8221;padding-5-percent&#8221; column_padding_tablet=&#8221;inherit&#8221; column_padding_phone=&#8221;inherit&#8221; column_padding_position=&#8221;left-right&#8221; background_color_opacity=&#8221;1&#8243; background_hover_color_opacity=&#8221;1&#8243; column_shadow=&#8221;none&#8221; column_border_radius=&#8221;none&#8221; column_link_target=&#8221;_self&#8221; gradient_direction=&#8221;left_to_right&#8221; overlay_strength=&#8221;0.3&#8243; width=&#8221;1\/2&#8243; tablet_width_inherit=&#8221;default&#8221; tablet_text_alignment=&#8221;default&#8221; phone_text_alignment=&#8221;default&#8221; column_border_width=&#8221;none&#8221; column_border_style=&#8221;solid&#8221; bg_image_animation=&#8221;none&#8221;][vc_gallery type=&#8221;nectarslider_style&#8221; images=&#8221;10540,10315,10337&#8243; image_loading=&#8221;default&#8221; bullet_navigation_style=&#8221;see_through&#8221; onclick=&#8221;link_no&#8221;][\/vc_column][\/vc_row][vc_row type=&#8221;full_width_content&#8221; full_screen_row_position=&#8221;middle&#8221; column_margin=&#8221;default&#8221; equal_height=&#8221;yes&#8221; content_placement=&#8221;bottom&#8221; column_direction=&#8221;default&#8221; column_direction_tablet=&#8221;default&#8221; column_direction_phone=&#8221;default&#8221; bg_color=&#8221;#ffffff&#8221; scene_position=&#8221;center&#8221; bottom_padding=&#8221;4%&#8221; text_color=&#8221;dark&#8221; text_align=&#8221;center&#8221; row_border_radius=&#8221;none&#8221; row_border_radius_applies=&#8221;bg&#8221; color_overlay=&#8221;#ffffff&#8221; color_overlay_2=&#8221;#ffffff&#8221; overlay_strength=&#8221;0.5&#8243; gradient_direction=&#8221;left_to_right&#8221; shape_divider_position=&#8221;bottom&#8221; shape_divider_height=&#8221;350&#8243; bg_image_animation=&#8221;fade-in&#8221; parallax_bg=&#8221;true&#8221; parallax_bg_speed=&#8221;fast&#8221; shape_type=&#8221;mountains&#8221;][vc_column column_padding=&#8221;padding-5-percent&#8221; column_padding_tablet=&#8221;inherit&#8221; column_padding_phone=&#8221;inherit&#8221; column_padding_position=&#8221;all&#8221; background_color_opacity=&#8221;1&#8243; background_hover_color_opacity=&#8221;1&#8243; font_color=&#8221;#44443c&#8221; column_shadow=&#8221;none&#8221; column_border_radius=&#8221;none&#8221; column_link_target=&#8221;_self&#8221; gradient_direction=&#8221;left_to_right&#8221; overlay_strength=&#8221;0.3&#8243; width=&#8221;1\/2&#8243; tablet_width_inherit=&#8221;default&#8221; tablet_text_alignment=&#8221;default&#8221; phone_text_alignment=&#8221;default&#8221; column_border_width=&#8221;none&#8221; column_border_style=&#8221;solid&#8221; bg_image_animation=&#8221;none&#8221;][vc_gallery type=&#8221;nectarslider_style&#8221; images=&#8221;11716,11720,11724,11728,11732,11736,11740,11744,11748,11752,11337,11333,11329,11325&#8243; image_loading=&#8221;default&#8221; bullet_navigation_style=&#8221;see_through&#8221; onclick=&#8221;link_no&#8221;][\/vc_column][vc_column column_padding=&#8221;padding-5-percent&#8221; column_padding_tablet=&#8221;inherit&#8221; column_padding_phone=&#8221;inherit&#8221; column_padding_position=&#8221;left-right&#8221; background_color_opacity=&#8221;1&#8243; background_hover_color_opacity=&#8221;1&#8243; column_shadow=&#8221;none&#8221; column_border_radius=&#8221;none&#8221; column_link_target=&#8221;_self&#8221; gradient_direction=&#8221;left_to_right&#8221; overlay_strength=&#8221;0.3&#8243; width=&#8221;1\/2&#8243; tablet_width_inherit=&#8221;default&#8221; tablet_text_alignment=&#8221;default&#8221; phone_text_alignment=&#8221;default&#8221; column_border_width=&#8221;none&#8221; column_border_style=&#8221;solid&#8221; bg_image_animation=&#8221;none&#8221;][vc_column_text]\n<h2 style=\"text-align: left;\"><span style=\"color: #9ed5cb;\">Mariages<\/span><\/h2>\n[\/vc_column_text][vc_column_text]\n<h6 style=\"text-align: left;\"><span style=\"color: #808085;\">Si vous avez d\u00e9j\u00e0 essay\u00e9 d&#8217;imaginer le parcours de la tra\u00eene de votre voile de mari\u00e9e le jour de votre mariage, il ne vous reste plus qu&#8217;\u00e0 le voir ! Le Convent de Begur est bien diff\u00e9rent des nombreux autre\u00a0 h\u00f4tels qui organisent des mariages sur la Costa Brava. Ce magnifique h\u00f4tel \u00e0 Sa Riera\u00a0\u00a0est un conte de f\u00e9es, un r\u00eave pour vous et pour votre wedding planner. Notre grand jardin, les magnifiques escaliers en pierre, les zones florales&#8230; Imaginez le trajet de r\u00eave que vous parcourrez de la chapelle \u00e0 la r\u00e9ception du banquet am\u00e9nag\u00e9, pour aller ensuite vous reposer dans une superbe suite au pied de la piscine ou tout en haut de la tour, plong\u00e9 dans des si\u00e8cles d&#8217;histoire. C&#8217;est juste le d\u00e9but d&#8217;un conte de f\u00e9es que nous cr\u00e9erons sp\u00e9cialement pour vous, pour l&#8217;un des plus beaux jours de votre vie. Nous savons qu&#8217;il existe de nombreux aspects \u00e0 prendre en compte. Nous soignerons jusqu&#8217;aux moindres d\u00e9tails pour vous faire vivre un mariage unique, tel que vous l&#8217;avez r\u00eav\u00e9. C&#8217;est un plaisir de mettre notre h\u00f4tel \u00e0 votre disposition pour que vous viviez une c\u00e9l\u00e9bration inoubliable. Vous disposerez d&#8217;un service de traiteur exceptionnel, gr\u00e2ce \u00e0 notre \u00e9quipe et nous pourrons m\u00eame organiser pour vous une arriv\u00e9e \u00e0 la chapelle en chariot \u00e0 chevaux. Rien n&#8217;est impossible.<\/span><\/h6>\n[\/vc_column_text][nectar_cta btn_style=&#8221;underline&#8221; heading_tag=&#8221;h6&#8243; text_color=&#8221;#9ed5cb&#8221; button_color=&#8221;default&#8221; button_color_hover=&#8221;#ffffff&#8221; link_type=&#8221;new_tab&#8221; alignment=&#8221;left&#8221; display=&#8221;block&#8221; link_text=&#8221;BROCHURE&#8221; url=&#8221;https:\/\/www.hotelconventbegur.com\/wp-content\/uploads\/2023\/04\/Casaments-photobook.pdf&#8221;][\/vc_column][\/vc_row]\n","protected":false},"excerpt":{"rendered":"<p>[vc_row type=&#8221;in_container&#8221; full_screen_row_position=&#8221;middle&#8221; column_margin=&#8221;default&#8221; column_direction=&#8221;default&#8221; column_direction_tablet=&#8221;default&#8221; column_direction_phone=&#8221;default&#8221; scene_position=&#8221;center&#8221; text_color=&#8221;dark&#8221; text_align=&#8221;left&#8221; row_border_radius=&#8221;none&#8221; row_border_radius_applies=&#8221;bg&#8221; overlay_strength=&#8221;0.3&#8243; gradient_direction=&#8221;left_to_right&#8221; shape_divider_position=&#8221;bottom&#8221; bg_image_animation=&#8221;none&#8221;][vc_column column_padding=&#8221;no-extra-padding&#8221; column_padding_tablet=&#8221;inherit&#8221; column_padding_phone=&#8221;inherit&#8221; column_padding_position=&#8221;all&#8221; background_color_opacity=&#8221;1&#8243; background_hover_color_opacity=&#8221;1&#8243; column_shadow=&#8221;none&#8221; column_border_radius=&#8221;none&#8221; column_link_target=&#8221;_self&#8221; gradient_direction=&#8221;left_to_right&#8221; overlay_strength=&#8221;0.3&#8243; width=&#8221;1\/1&#8243; tablet_width_inherit=&#8221;default&#8221; tablet_text_alignment=&#8221;default&#8221;&#8230;<\/p>\n","protected":false},"author":3,"featured_media":0,"parent":0,"menu_order":0,"comment_status":"closed","ping_status":"closed","template":"","meta":{"_joinchat":[]},"_links":{"self":[{"href":"https:\/\/www.hotelconventbegur.com\/fr\/wp-json\/wp\/v2\/pages\/11314"}],"collection":[{"href":"https:\/\/www.hotelconventbegur.com\/fr\/wp-json\/wp\/v2\/pages"}],"about":[{"href":"https:\/\/www.hotelconventbegur.com\/fr\/wp-json\/wp\/v2\/types\/page"}],"author":[{"embeddable":true,"href":"https:\/\/www.hotelconventbegur.com\/fr\/wp-json\/wp\/v2\/users\/3"}],"replies":[{"embeddable":true,"href":"https:\/\/www.hotelconventbegur.com\/fr\/wp-json\/wp\/v2\/comments?post=11314"}],"version-history":[{"count":10,"href":"https:\/\/www.hotelconventbegur.com\/fr\/wp-json\/wp\/v2\/pages\/11314\/revisions"}],"predecessor-version":[{"id":11867,"href":"https:\/\/www.hotelconventbegur.com\/fr\/wp-json\/wp\/v2\/pages\/11314\/revisions\/11867"}],"wp:attachment":[{"href":"https:\/\/www.hotelconventbegur.com\/fr\/wp-json\/wp\/v2\/media?parent=11314"}],"curies":[{"name":"wp","href":"https:\/\/api.w.org\/{rel}","templated":true}]}}